{"id":153,"date":"2016-09-20T02:57:14","date_gmt":"2016-09-20T02:57:14","guid":{"rendered":"http:\/\/protectpet.pet\/site\/?page_id=153"},"modified":"2021-10-22T14:09:19","modified_gmt":"2021-10-22T14:09:19","slug":"caat","status":"publish","type":"page","link":"https:\/\/caat.com.br\/novo\/caat\/","title":{"rendered":"A Caat"},"content":{"rendered":"<p>&nbsp;<\/p>\n<div class=\"cols-wrapper cols-2\">\n<div class=\"col\">\n<div style=\"text-align: justify;\"><strong>SAIBA MAIS SOBRE N\u00d3S<\/strong><\/div>\n<p style=\"text-align: justify;\">A CAAT Nutri\u00e7\u00e3o Animal iniciou suas atividades com um objetivo de oferecer alimentos de alta qualidade, garantindo a sa\u00fade e bem estar dos animais e \u00f3timos resultados a seus criadores. Tendo em vista um mercado cada vez mais profissional e exigente, buscamos entender as necessidades di\u00e1rias dos criadores e seus animais.<\/p>\n<p style=\"text-align: justify;\">A CAAT possui uma equipe t\u00e9cnica altamente qualificada, buscando novas solu\u00e7\u00f5es e tecnologia, no sentido de manter sua equipe, de seus representantes e colaboradores, alinhados \u00e0s futuras tend\u00eancias do mercado, propondo as melhores solu\u00e7\u00f5es.<\/p>\n<p style=\"text-align: justify;\">Para garantir e manter a qualidade, padr\u00e3o e a efic\u00e1cia de nossos produtos, nossos fornecedores, s\u00e3o certificados e selecionados entre as empresas de maior renome no mercado de insumos para nutri\u00e7\u00e3o animal.<\/p>\n<\/div>\n<div class=\"col nomargin\">\n<p><img loading=\"lazy\" decoding=\"async\" class=\"alignnone wp-image-904 size-full\" style=\"background-color: transparent;\" src=\"https:\/\/caat.com.br\/novo\/wp-content\/uploads\/2021\/10\/fachada.jpg\" alt=\"\" width=\"930\" height=\"579\" srcset=\"https:\/\/caat.com.br\/novo\/wp-content\/uploads\/2021\/10\/fachada.jpg 930w, https:\/\/caat.com.br\/novo\/wp-content\/uploads\/2021\/10\/fachada-300x187.jpg 300w, https:\/\/caat.com.br\/novo\/wp-content\/uploads\/2021\/10\/fachada-768x478.jpg 768w\" sizes=\"auto, (max-width: 930px) 100vw, 930px\" \/><\/p>\n<p>Fabrica Caat ( BRAGAN\u00c7A)<\/p>\n<\/div>\n<\/div>\n<p style=\"text-align: justify;\"><strong>Vis\u00e3o<\/strong><br \/>\nSer uma empresa refer\u00eancia em Nutri\u00e7\u00e3o Animal, atender a cada cliente de maneira \u00fanica e direcionada, visando \u00e0 solu\u00e7\u00e3o ideal para cada situa\u00e7\u00e3o.<\/p>\n<p style=\"text-align: justify;\"><strong>Valores<\/strong><br \/>\nConstante busca no desenvolvimento de nossa atividade industrial, com \u00e9tica, compet\u00eancia, integridade, respeito ao meio ambiente e \u00e0s normas legais vigentes, capacitando nossa equipe de colaboradores em busca da satisfa\u00e7\u00e3o de nossos clientes e o crescimento da empresa.<\/p>\n","protected":false},"excerpt":{"rendered":"<p>&nbsp; SAIBA MAIS SOBRE N\u00d3S A CAAT Nutri\u00e7\u00e3o Animal iniciou suas atividades com um objetivo de oferecer alimentos de alta [&hellip;]<\/p>\n","protected":false},"author":1,"featured_media":0,"parent":0,"menu_order":0,"comment_status":"closed","ping_status":"closed","template":"","meta":{"_joinchat":[],"footnotes":""},"class_list":["post-153","page","type-page","status-publish","hentry"],"_links":{"self":[{"href":"https:\/\/caat.com.br\/novo\/wp-json\/wp\/v2\/pages\/153","targetHints":{"allow":["GET"]}}],"collection":[{"href":"https:\/\/caat.com.br\/novo\/wp-json\/wp\/v2\/pages"}],"about":[{"href":"https:\/\/caat.com.br\/novo\/wp-json\/wp\/v2\/types\/page"}],"author":[{"embeddable":true,"href":"https:\/\/caat.com.br\/novo\/wp-json\/wp\/v2\/users\/1"}],"replies":[{"embeddable":true,"href":"https:\/\/caat.com.br\/novo\/wp-json\/wp\/v2\/comments?post=153"}],"version-history":[{"count":12,"href":"https:\/\/caat.com.br\/novo\/wp-json\/wp\/v2\/pages\/153\/revisions"}],"predecessor-version":[{"id":905,"href":"https:\/\/caat.com.br\/novo\/wp-json\/wp\/v2\/pages\/153\/revisions\/905"}],"wp:attachment":[{"href":"https:\/\/caat.com.br\/novo\/wp-json\/wp\/v2\/media?parent=153"}],"curies":[{"name":"wp","href":"https:\/\/api.w.org\/{rel}","templated":true}]}}